{"id":36,"date":"2016-12-28T04:51:33","date_gmt":"2016-12-28T04:51:33","guid":{"rendered":"https:\/\/themify.me\/demo\/themes\/ultra-lawyer\/?page_id=5"},"modified":"2025-12-23T09:29:59","modified_gmt":"2025-12-23T12:29:59","slug":"home","status":"publish","type":"page","link":"https:\/\/topcontainers.com.br\/","title":{"rendered":"Home"},"content":{"rendered":"<!-- wp:themify-builder\/canvas \/--><!-- AddThis Advanced Settings generic via filter on the_content --><!-- AddThis Share Buttons generic via filter on the_content -->","protected":false},"excerpt":{"rendered":"<p><!-- AddThis Advanced Settings generic via filter on get_the_excerpt --><!-- AddThis Share Buttons generic via filter on get_the_excerpt --><\/p>\n","protected":false},"author":1,"featured_media":0,"parent":0,"menu_order":0,"comment_status":"closed","ping_status":"closed","template":"","meta":{"footnotes":""},"class_list":["post-36","page","type-page","status-publish","hentry","has-post-title","has-post-date","has-post-category","has-post-tag","has-post-comment","has-post-author",""],"builder_content":"<ul id=\"menu-main-navigation\"><li ><a href=\"https:\/\/topcontainers.com.br\/\" aria-current=\"page\"><em> <svg xmlns:xlink=\"http:\/\/www.w3.org\/1999\/xlink\" aria-hidden=\"true\"><use href=\"#tf-fas-home\" xlink:href=\"#tf-fas-home\"><\/use><\/svg><\/em> In\u00edcio<\/a> <\/li> <li ><a href=\"#locacao\"><em> <svg xmlns:xlink=\"http:\/\/www.w3.org\/1999\/xlink\" aria-hidden=\"true\"><use href=\"#tf-fas-dollar\" xlink:href=\"#tf-fas-dollar\"><\/use><\/svg><\/em> Loca\u00e7\u00e3o<\/a> <\/li> <li ><a href=\"#empresa\"><em> <svg xmlns:xlink=\"http:\/\/www.w3.org\/1999\/xlink\" aria-hidden=\"true\"><use href=\"#tf-fas-store\" xlink:href=\"#tf-fas-store\"><\/use><\/svg><\/em> Empresa<\/a> <\/li> <li ><a href=\"#informacoes\"><em> <svg xmlns:xlink=\"http:\/\/www.w3.org\/1999\/xlink\" aria-hidden=\"true\"><use href=\"#tf-ti-headphone-alt\" xlink:href=\"#tf-ti-headphone-alt\"><\/use><\/svg><\/em> Informa\u00e7\u00f5es<\/a> <\/li> <\/ul>\n<img src=\"data:image\/svg+xml,%3Csvg%20xmlns=%27http:\/\/www.w3.org\/2000\/svg%27%20width='1200'%20height='250'%20viewBox=%270%200%201200%20250%27%3E%3C\/svg%3E\" loading=\"lazy\" data-lazy=\"1\" data-tf-not-load=\"1\" style=\"background:linear-gradient(to right,#36cc33 25%,#000000 25% 50%,#11850d 50% 75%,#36cc33 75%),linear-gradient(to right,#3bcd38 25%,#43d040 25% 50%,#50d24e 50% 75%,#38ae35 75%),linear-gradient(to right,#3bcd38 25%,#50d34d 25% 50%,#46d043 50% 75%,#42cf3f 75%),linear-gradient(to right,#36cc33 25%,#21a31d 25% 50%,#1f9f1b 50% 75%,#36cc33 75%)\" decoding=\"async\" data-tf-src=\"http:\/\/topcontainers.com.br\/wp-content\/uploads\/2024\/06\/Top-Containers-banners-ferramentas-e-equipamentos-1200x250px.png\" width=\"1200\" height=\"250\" title=\"Home\" alt=\"Home\"><noscript><img data-tf-not-load data-no-script src=\"http:\/\/topcontainers.com.br\/wp-content\/uploads\/2024\/06\/Top-Containers-banners-ferramentas-e-equipamentos-1200x250px.png\" width=\"1200\" height=\"250\" title=\"Home\" alt=\"Home\"><\/noscript> <img src=\"data:image\/svg+xml,%3Csvg%20xmlns=%27http:\/\/www.w3.org\/2000\/svg%27%20width='1200'%20height='250'%20viewBox=%270%200%201200%20250%27%3E%3C\/svg%3E\" loading=\"lazy\" data-lazy=\"1\" data-tf-not-load=\"1\" style=\"background:linear-gradient(to right,#36cc33 25%,#000000 25% 50%,#11850d 50% 75%,#36cc33 75%),linear-gradient(to right,#f48704 25%,#43d040 25% 50%,#50d24e 50% 75%,#3bcd38 75%),linear-gradient(to right,#242525 25%,#50d34d 25% 50%,#46d043 50% 75%,#42cf3f 75%),linear-gradient(to right,#36cc33 25%,#21a31d 25% 50%,#1f9f1b 50% 75%,#36cc33 75%)\" decoding=\"async\" data-tf-src=\"http:\/\/topcontainers.com.br\/wp-content\/uploads\/2024\/06\/Top-Containers-banners-betoneira-1200x250px.png\" width=\"1200\" height=\"250\" title=\"Home\" alt=\"Home\"><noscript><img data-tf-not-load data-no-script src=\"http:\/\/topcontainers.com.br\/wp-content\/uploads\/2024\/06\/Top-Containers-banners-betoneira-1200x250px.png\" width=\"1200\" height=\"250\" title=\"Home\" alt=\"Home\"><\/noscript> <img src=\"data:image\/svg+xml,%3Csvg%20xmlns=%27http:\/\/www.w3.org\/2000\/svg%27%20width='1200'%20height='250'%20viewBox=%270%200%201200%20250%27%3E%3C\/svg%3E\" loading=\"lazy\" data-lazy=\"1\" data-tf-not-load=\"1\" style=\"background:linear-gradient(to right,#36cc33 25%,#000000 25% 50%,#11850d 50% 75%,#36cc33 75%),linear-gradient(to right,#3bcd38 25%,#43d040 25% 50%,#50d24e 50% 75%,#3bcd38 75%),linear-gradient(to right,#3bcd38 25%,#50d34d 25% 50%,#46d043 50% 75%,#42cf3f 75%),linear-gradient(to right,#36cc33 25%,#21a31d 25% 50%,#1f9f1b 50% 75%,#36cc33 75%)\" decoding=\"async\" data-tf-src=\"http:\/\/topcontainers.com.br\/wp-content\/uploads\/2024\/06\/Top-Containers-banners-andaime-1200x250px.png\" width=\"1200\" height=\"250\" title=\"Home\" alt=\"Home\"><noscript><img data-tf-not-load data-no-script src=\"http:\/\/topcontainers.com.br\/wp-content\/uploads\/2024\/06\/Top-Containers-banners-andaime-1200x250px.png\" width=\"1200\" height=\"250\" title=\"Home\" alt=\"Home\"><\/noscript> <img src=\"data:image\/svg+xml,%3Csvg%20xmlns=%27http:\/\/www.w3.org\/2000\/svg%27%20width='1200'%20height='250'%20viewBox=%270%200%201200%20250%27%3E%3C\/svg%3E\" loading=\"lazy\" data-lazy=\"1\" data-tf-not-load=\"1\" style=\"background:linear-gradient(to right,#36cc33 25%,#000000 25% 50%,#11850d 50% 75%,#36cc33 75%),linear-gradient(to right,#3bcd38 25%,#43d040 25% 50%,#50d24e 50% 75%,#3bcd38 75%),linear-gradient(to right,#3bcd38 25%,#50d34d 25% 50%,#46d043 50% 75%,#378735 75%),linear-gradient(to right,#36cc33 25%,#21a31d 25% 50%,#1f9f1b 50% 75%,#36cc33 75%)\" decoding=\"async\" data-tf-src=\"http:\/\/topcontainers.com.br\/wp-content\/uploads\/2024\/06\/Top-Containers-banners-rompedores-1200x250px.png\" width=\"1200\" height=\"250\" title=\"Home\" alt=\"Home\"><noscript><img data-tf-not-load data-no-script src=\"http:\/\/topcontainers.com.br\/wp-content\/uploads\/2024\/06\/Top-Containers-banners-rompedores-1200x250px.png\" width=\"1200\" height=\"250\" title=\"Home\" alt=\"Home\"><\/noscript> <img src=\"data:image\/svg+xml,%3Csvg%20xmlns=%27http:\/\/www.w3.org\/2000\/svg%27%20width='1200'%20height='250'%20viewBox=%270%200%201200%20250%27%3E%3C\/svg%3E\" loading=\"lazy\" data-lazy=\"1\" data-tf-not-load=\"1\" style=\"background:linear-gradient(to right,#3e3e3e 25%,#000000 25% 50%,#11850d 50% 75%,#36cc33 75%),linear-gradient(to right,#444444 25%,#43d040 25% 50%,#50d24e 50% 75%,#3bcd38 75%),linear-gradient(to right,#383838 25%,#50d34d 25% 50%,#46d043 50% 75%,#42cf3f 75%),linear-gradient(to right,#282828 25%,#21a31d 25% 50%,#1f9f1b 50% 75%,#36cc33 75%)\" decoding=\"async\" data-tf-src=\"http:\/\/topcontainers.com.br\/wp-content\/uploads\/2024\/06\/Top-Containers-banners-container-1200x250px.png\" width=\"1200\" height=\"250\" title=\"Home\" alt=\"Home\"><noscript><img data-tf-not-load data-no-script src=\"http:\/\/topcontainers.com.br\/wp-content\/uploads\/2024\/06\/Top-Containers-banners-container-1200x250px.png\" width=\"1200\" height=\"250\" title=\"Home\" alt=\"Home\"><\/noscript>\n<img src=\"data:image\/svg+xml,%3Csvg%20xmlns=%27http:\/\/www.w3.org\/2000\/svg%27%20width='1000'%20height='1000'%20viewBox=%270%200%201000%201000%27%3E%3C\/svg%3E\" loading=\"lazy\" data-lazy=\"1\" data-tf-not-load=\"1\" decoding=\"async\" data-tf-src=\"http:\/\/topcontainers.com.br\/wp-content\/uploads\/2024\/06\/Top-Containers-banners-ferramentas-e-equipamentos-1000x1000px.png\" width=\"300\" height=\"1000\" title=\"Home\" alt=\"Home\"><noscript><img data-tf-not-load data-no-script src=\"http:\/\/topcontainers.com.br\/wp-content\/uploads\/2024\/06\/Top-Containers-banners-ferramentas-e-equipamentos-1000x1000px.png\" width=\"300\" height=\"1000\" title=\"Home\" alt=\"Home\"><\/noscript> <img src=\"data:image\/svg+xml,%3Csvg%20xmlns=%27http:\/\/www.w3.org\/2000\/svg%27%20width='1000'%20height='1000'%20viewBox=%270%200%201000%201000%27%3E%3C\/svg%3E\" loading=\"lazy\" data-lazy=\"1\" data-tf-not-load=\"1\" decoding=\"async\" data-tf-src=\"http:\/\/topcontainers.com.br\/wp-content\/uploads\/2024\/06\/Top-Containers-banners-betorneira-1000X1000px.png\" width=\"300\" height=\"1000\" title=\"Home\" alt=\"Home\"><noscript><img data-tf-not-load data-no-script src=\"http:\/\/topcontainers.com.br\/wp-content\/uploads\/2024\/06\/Top-Containers-banners-betorneira-1000X1000px.png\" width=\"300\" height=\"1000\" title=\"Home\" alt=\"Home\"><\/noscript> <img src=\"data:image\/svg+xml,%3Csvg%20xmlns=%27http:\/\/www.w3.org\/2000\/svg%27%20width='1000'%20height='1000'%20viewBox=%270%200%201000%201000%27%3E%3C\/svg%3E\" loading=\"lazy\" data-lazy=\"1\" data-tf-not-load=\"1\" decoding=\"async\" data-tf-src=\"http:\/\/topcontainers.com.br\/wp-content\/uploads\/2024\/06\/Top-Containers-banners-andaime-1000x1000px.png\" width=\"300\" height=\"1000\" title=\"Home\" alt=\"Home\"><noscript><img data-tf-not-load data-no-script src=\"http:\/\/topcontainers.com.br\/wp-content\/uploads\/2024\/06\/Top-Containers-banners-andaime-1000x1000px.png\" width=\"300\" height=\"1000\" title=\"Home\" alt=\"Home\"><\/noscript> <img src=\"data:image\/svg+xml,%3Csvg%20xmlns=%27http:\/\/www.w3.org\/2000\/svg%27%20width='1000'%20height='1000'%20viewBox=%270%200%201000%201000%27%3E%3C\/svg%3E\" loading=\"lazy\" data-lazy=\"1\" data-tf-not-load=\"1\" decoding=\"async\" data-tf-src=\"http:\/\/topcontainers.com.br\/wp-content\/uploads\/2024\/06\/Top-Containers-banners-rompedores-1000x1000px.png\" width=\"300\" height=\"1000\" title=\"Home\" alt=\"Home\"><noscript><img data-tf-not-load data-no-script src=\"http:\/\/topcontainers.com.br\/wp-content\/uploads\/2024\/06\/Top-Containers-banners-rompedores-1000x1000px.png\" width=\"300\" height=\"1000\" title=\"Home\" alt=\"Home\"><\/noscript> <img src=\"data:image\/svg+xml,%3Csvg%20xmlns=%27http:\/\/www.w3.org\/2000\/svg%27%20width='1000'%20height='1000'%20viewBox=%270%200%201000%201000%27%3E%3C\/svg%3E\" loading=\"lazy\" data-lazy=\"1\" data-tf-not-load=\"1\" decoding=\"async\" data-tf-src=\"http:\/\/topcontainers.com.br\/wp-content\/uploads\/2024\/06\/Top-Containers-banners-container-1000X1000px.png\" width=\"300\" height=\"1000\" title=\"Home\" alt=\"Home\"><noscript><img data-tf-not-load data-no-script src=\"http:\/\/topcontainers.com.br\/wp-content\/uploads\/2024\/06\/Top-Containers-banners-container-1000X1000px.png\" width=\"300\" height=\"1000\" title=\"Home\" alt=\"Home\"><\/noscript>\n<p><em>SEGURAN\u00c7A PARA SUA OBRA !<\/em><\/p> <p>Ligue pra n\u00f3s (14) <a href=\"tel:14997821590\" target=\"_blank\" rel=\"noopener\">99782-1590<\/a> \/ <a href=\"tel:14996523144\" target=\"_blank\" rel=\"noopener\">99652-3144<\/a> \/ <a href=\"tel:1432341717\" target=\"_blank\" rel=\"noopener\">3234-1717<\/a><\/p>\n<p><em>SEGURAN\u00c7A PARA SUA OBRA !<\/em><\/p> <p>Ligue pra n\u00f3s (14) <a href=\"tel:14997821590\" target=\"_blank\" rel=\"noopener\">99782-1590<\/a> \/ <a href=\"tel:14996523144\" target=\"_blank\" rel=\"noopener\">99652-3144<\/a> \/ <a href=\"tel:1432341717\" target=\"_blank\" rel=\"noopener\">3234-1717<\/a><\/p>\n<ul><li><a href=\"https:\/\/goo.gl\/maps\/L4sjmQVmtH95SF3o8\">Localiza\u00e7\u00e3o<\/a><\/li><li><a href=\"mailto:locacao@topcontainers.com.br\">E-mail<\/a><\/li><li><a href=\"tel:14997821590\">Mobile 1 (14) 99782-1590<\/a><\/li><li><a href=\"tel:14996523144\">Mobile 2 (14) 99652-3144<\/a><\/li><li><a href=\"tel:1432341717\">Telefone (14) 3234-1717<\/a><\/li><li><a href=\"https:\/\/api.whatsapp.com\/send?1=pt_BR&#038;phone=5514996523144\">WhatsApp<\/a><\/li><li><a href=\"https:\/\/www.facebook.com\/profile.php?id=100089225506907\">Facebook<\/a><\/li><li><a href=\"https:\/\/www.instagram.com\/topcontainers_\/\">Instagram<\/a><\/li><\/ul>\n<h2>Loca\u00e7\u00e3o de equipamentos e ferramentas<br\/>Imagens ilustrativas<\/h2>\n<img src=\"https:\/\/construmac.com.br\/wp-content\/uploads\/2023\/11\/Construmac-Rental-andaimes.png\" width=\"300\" height=\"300\" title=\"Andaimes\" alt=\"Andaimes\"> <h3> Andaimes <\/h3>\n<img src=\"http:\/\/topcontainers.com.br\/wp-content\/uploads\/2024\/06\/Top-Containers-aluguel-de-aspirador.png\" width=\"300\" height=\"300\" title=\"Aspiradores\" alt=\"Aspiradores\"> <h3> Aspiradores <\/h3>\n<img src=\"http:\/\/topcontainers.com.br\/wp-content\/uploads\/2024\/06\/Top-Containers-aluguel-de-betoneira-1.png\" width=\"300\" height=\"300\" title=\"Betoneiras\" alt=\"Betoneiras\"> <h3> Betoneiras <\/h3>\n<img src=\"http:\/\/topcontainers.com.br\/wp-content\/uploads\/2024\/06\/Top-Containers-aluguel-de-banheiro.png\" width=\"300\" height=\"300\" title=\"Banheiro de Obra\" alt=\"Banheiro de Obra\"> <h3> Banheiro de Obra <\/h3>\n<img src=\"http:\/\/topcontainers.com.br\/wp-content\/uploads\/2024\/06\/Top-Containers-aluguel-de-compactador.png\" width=\"300\" height=\"300\" title=\"Compactador de Solo\" alt=\"Compactador de Solo\"> <h3> Compactador de Solo <\/h3>\n<img src=\"http:\/\/topcontainers.com.br\/wp-content\/uploads\/2022\/09\/Top-Containers-modelo-Satandard.png\" width=\"300\" height=\"300\" title=\"Containers\" alt=\"Containers\"> <h3> Containers <\/h3>\n<img src=\"http:\/\/topcontainers.com.br\/wp-content\/uploads\/2024\/06\/Top-Containers-aluguel-de-cortador-de-asfalto-e-concreto.png\" width=\"300\" height=\"300\" title=\"Cortadora de Concreto\/Asfalto\" alt=\"Cortadora de Concreto\/Asfalto\"> <h3> Cortadora de Concreto\/Asfalto <\/h3>\n<img src=\"http:\/\/topcontainers.com.br\/wp-content\/uploads\/2024\/06\/Top-Containers-aluguel-de-esmerilhadeira.png\" width=\"300\" height=\"300\" title=\"Esmerilhadeiras\" alt=\"Esmerilhadeiras\"> <h3> Esmerilhadeiras <\/h3>\n<img src=\"http:\/\/topcontainers.com.br\/wp-content\/uploads\/2024\/06\/Top-Containers-aluguel-de-lavadora.png\" width=\"300\" height=\"300\" title=\"Lavadoras\" alt=\"Lavadoras\"> <h3> Lavadoras <\/h3>\n<img src=\"http:\/\/topcontainers.com.br\/wp-content\/uploads\/2024\/06\/Top-Containers-aluguel-de-placa-vibratoria.png\" width=\"300\" height=\"300\" title=\"Placa Vibrat\u00f3ria\" alt=\"Placa Vibrat\u00f3ria\"> <h3> Placa Vibrat\u00f3ria <\/h3>\n<img src=\"http:\/\/topcontainers.com.br\/wp-content\/uploads\/2024\/06\/Top-Containers-aluguel-de-rompedor-10-Kg.png\" width=\"300\" height=\"300\" title=\"Rompedor 10Kg\" alt=\"Rompedor 10Kg\"> <h3> Rompedor 10Kg <\/h3>\n<img src=\"http:\/\/topcontainers.com.br\/wp-content\/uploads\/2024\/06\/Top-Containers-aluguel-de-rompedor-15-Kg.png\" width=\"300\" height=\"300\" title=\"Rompedor 15Kg\" alt=\"Rompedor 15Kg\"> <h3> Rompedor 15Kg <\/h3>\n<img src=\"http:\/\/topcontainers.com.br\/wp-content\/uploads\/2024\/06\/Top-Containers-aluguel-de-rompedor-30-Kg.png\" width=\"300\" height=\"300\" title=\"Rompedor 30Kg\" alt=\"Rompedor 30Kg\"> <h3> Rompedor 30Kg <\/h3>\n<img src=\"http:\/\/topcontainers.com.br\/wp-content\/uploads\/2024\/06\/Top-Containers-aluguel-de-rompedor-10-Kg.png\" width=\"300\" height=\"300\" title=\"Rompedor 10Kg\" alt=\"Rompedor 10Kg\"> <h3> Rompedor 10Kg <\/h3>\n<img src=\"http:\/\/topcontainers.com.br\/wp-content\/uploads\/2024\/06\/Top-Containers-aluguel-de-rompedor-15-Kg.png\" width=\"300\" height=\"300\" title=\"Rompedor 15Kg\" alt=\"Rompedor 15Kg\"> <h3> Rompedor 15Kg <\/h3>\n<img src=\"http:\/\/topcontainers.com.br\/wp-content\/uploads\/2024\/06\/Top-Containers-aluguel-de-rompedor-30-Kg.png\" width=\"300\" height=\"300\" title=\"Rompedor 30Kg\" alt=\"Rompedor 30Kg\"> <h3> Rompedor 30Kg <\/h3>\n<img src=\"https:\/\/construmac.com.br\/wp-content\/uploads\/2023\/11\/Construmac-Rental-Serra-de-Madeirapng.png\" width=\"300\" height=\"300\" title=\"Serra de Madeira\" alt=\"Serra de Madeira\"> <h3> Serra de Madeira <\/h3>\n<img src=\"https:\/\/construmac.com.br\/wp-content\/uploads\/2023\/11\/Construmac-Rental-Serra-de-Serra-Marmore2.png\" width=\"300\" height=\"300\" title=\"Serra M\u00e1rmore\" alt=\"Serra M\u00e1rmore\"> <h3> Serra M\u00e1rmore <\/h3>\n<h3><em>Loca\u00e7\u00e3o de equipamentos<\/em><\/h3>\n<p style=\"text-align: center;\"><em>Betoneiras<\/em><\/p>\n<img src=\"https:\/\/topcontainers.com.br\/wp-content\/uploads\/2024\/06\/Top-Containers-aluguel-de-betoneira-1-500x500.png\" width=\"500\" height=\"500\" title=\"Top Containers, aluguel de betoneira 1\" alt=\"Top Containers, aluguel de betoneira 1\" srcset=\"https:\/\/topcontainers.com.br\/wp-content\/uploads\/2024\/06\/Top-Containers-aluguel-de-betoneira-1.png 500w, https:\/\/topcontainers.com.br\/wp-content\/uploads\/2024\/06\/Top-Containers-aluguel-de-betoneira-1-300x300.png 300w, https:\/\/topcontainers.com.br\/wp-content\/uploads\/2024\/06\/Top-Containers-aluguel-de-betoneira-1-150x150.png 150w\" sizes=\"(max-width: 500px) 100vw, 500px\" \/>\n<p style=\"text-align: center;\"><em>Andaimes<\/em><\/p>\n<img src=\"https:\/\/topcontainers.com.br\/wp-content\/uploads\/2025\/12\/Top-Containers-aluguel-de-andaimes-500x500.png\" width=\"500\" height=\"500\" title=\"Top Containers, aluguel de andaimes\" alt=\"Top Containers, aluguel de andaimes\" srcset=\"https:\/\/topcontainers.com.br\/wp-content\/uploads\/2025\/12\/Top-Containers-aluguel-de-andaimes.png 500w, https:\/\/topcontainers.com.br\/wp-content\/uploads\/2025\/12\/Top-Containers-aluguel-de-andaimes-300x300.png 300w, https:\/\/topcontainers.com.br\/wp-content\/uploads\/2025\/12\/Top-Containers-aluguel-de-andaimes-150x150.png 150w\" sizes=\"(max-width: 500px) 100vw, 500px\" \/>\n<p style=\"text-align: center;\"><em>Ferramentas<\/em><\/p>\n<img src=\"http:\/\/topcontainers.com.br\/wp-content\/uploads\/2022\/09\/Top-Containers-aluguel-de-equipamentos.png\" width=\"500\" height=\"500\" title=\"Home\" alt=\"Home\">\n<h3><em>Containers<\/em><\/h3>\n<p style=\"text-align: center;\"><em>Standard<\/em><\/p>\n<img src=\"http:\/\/topcontainers.com.br\/wp-content\/uploads\/2022\/09\/Top-Containers-modelo-Satandard.png\" width=\"500\" height=\"500\" title=\"Home\" alt=\"Home\">\n<ul><li><h4>Dados t\u00e9cnicos clique aqui<\/h4><p><strong>Indica\u00e7\u00e3o<\/strong><\/p> <p>Destinado para armazenamento de ferramentas, betoneiras at\u00e9 400 L, materiais de constru\u00e7\u00e3o, etc.<\/p> <p><strong>Dimens\u00f5es<\/strong><\/p> <p>- Comprimento: 2,45 m<\/p> <p>- Largura: 1,70 m<\/p> <p>-Altura: 2,20 m<\/p> <p>-Peso: 350 Kg<\/p> <p>-\u00c1rea: 4,08 m2<\/p> <p>-Capacidade c\u00fabica: 9,16 m\u00b3<\/p><\/li><\/ul>\n<p style=\"text-align: center;\"><em>Banheiro Port\u00e1til<\/em><\/p>\n<img src=\"http:\/\/topcontainers.com.br\/wp-content\/uploads\/2022\/09\/Top-Containers-modelo-Banheiro-Quimico-1.png\" width=\"500\" height=\"500\" title=\"Home\" alt=\"Home\">\n<ul><li><h4>Informa\u00e7\u00f5es clique aqui<\/h4><p><strong>Indica\u00e7\u00e3o<\/strong><\/p> <p>Banheiros com liga\u00e7\u00e3o para rede de \u00e1gua e esgoto (n\u00e3o se trata de banheiro qu\u00edmico), ideal para obras proporcionando o respeito ao meio ambiente.<\/p><\/li><\/ul>\n<h2>Sobre a Topcontainers<br\/>Saiba mais sobre n\u00f3s, nossos princ\u00edpios e m\u00eddias sociais<\/h2>\n<p style=\"text-align: left;\"><strong>\u00a0\u00a0 Com sede em Bauru\/SP, a Topcontainers Loca\u00e7\u00e3o de Equipamentos, vem prestando seus servi\u00e7os desde 2012 para toda a Regi\u00e3o Centro Oeste Paulista.<\/strong><\/p> <p style=\"text-align: left;\"><strong>\u00a0\u00a0 Atuamos no mercado de Constru\u00e7\u00e3o Civil atrav\u00e9s de loca\u00e7\u00e3o de Containers, andaimes, betoneira, ferramentas e equipamentos.<\/strong><\/p> <p style=\"text-align: left;\"><strong>\u00a0\u00a0 Presamos pela qualidade, resist\u00eancia e seguran\u00e7a dos nossos materiais e equipamentos, mantendo-os sempre revisados, limpos e em perfeitas condi\u00e7\u00f5es se manuseio pelo locat\u00e1rio.<\/strong><\/p> <p style=\"text-align: left;\"><strong>\u00a0\u00a0 Buscamos a melhoria cont\u00ednua em nossos servi\u00e7os almejando a primazia no atendimento de qualidade, bem estar corporativo e adequa\u00e7\u00e3o aos novos tempos.<\/strong><\/p>\n<p><strong>Imagem externa 3D<\/strong><\/p>\n<iframe src=\"https:\/\/www.google.com\/maps\/embed?pb=!4v1718734304327!6m8!1m7!1sKRKFsbGE7khemzbaxf-Jhw!2m2!1d-22.32749817084134!2d-49.08086277637538!3f118.98454988254326!4f14.45607040363889!5f0.5084986732695573\" width=\"600\" height=\"450\" style=\"border:0;\" allowfullscreen=\"\" loading=\"lazy\" referrerpolicy=\"no-referrer-when-downgrade\"><\/iframe>\n<a href=\"https:\/\/maps.app.goo.gl\/PGnJLHUvifRE8TVx5\" target=\"_blank\" rel=\"noopener\"> <em><svg xmlns:xlink=\"http:\/\/www.w3.org\/1999\/xlink\" aria-hidden=\"true\"><use href=\"#tf-fas-map-marker-alt\" xlink:href=\"#tf-fas-map-marker-alt\"><\/use><\/svg><\/em> AMPLIAR A IMAGEM 3D <\/a>\n<a href=\"https:\/\/api.whatsapp.com\/send?1=pt_BR&#038;phone=5514996523144\" rel=\"noopener\" target=\"_blank\"> <img src=\"http:\/\/topcontainers.com.br\/wp-content\/uploads\/2022\/09\/topcontainers-logo-FUNDO-transparente-teto-.png\" width=\"135\" height=\"309\" title=\"Home\" alt=\"Home\"> <\/a>\n<p><strong>WhatsApp<\/strong><\/p>\n<a href=\"https:\/\/api.whatsapp.com\/send?1=pt_BR&#038;phone=5514996523144\" rel=\"noopener\" target=\"_blank\"> <img src=\"http:\/\/topcontainers.com.br\/wp-content\/uploads\/2024\/06\/Top-Containers-icone-WhatsApp.png\" width=\"100\" height=\"500\" title=\"Home\" alt=\"Home\"> <\/a>\n<a href=\"https:\/\/api.whatsapp.com\/send?1=pt_BR&#038;phone=5514996523144\" target=\"_blank\" rel=\"noopener\"> <em><svg xmlns:xlink=\"http:\/\/www.w3.org\/1999\/xlink\" aria-hidden=\"true\"><use href=\"#tf-fab-whatsapp\" xlink:href=\"#tf-fab-whatsapp\"><\/use><\/svg><\/em> CONVERSAR PELO WHATSAPP <\/a>\n<p><strong>Facebook<\/strong><\/p>\n<a href=\"https:\/\/www.facebook.com\/profile.php?id=100089225506907\" rel=\"noopener\" target=\"_blank\"> <img src=\"http:\/\/topcontainers.com.br\/wp-content\/uploads\/2024\/06\/Top-Containers-icone-Facebook.png\" width=\"100\" height=\"500\" title=\"Home\" alt=\"Home\"> <\/a>\n<a href=\"https:\/\/www.facebook.com\/profile.php?id=100089225506907\" target=\"_blank\" rel=\"noopener\"> <em><svg xmlns:xlink=\"http:\/\/www.w3.org\/1999\/xlink\" aria-hidden=\"true\"><use href=\"#tf-fab-facebook\" xlink:href=\"#tf-fab-facebook\"><\/use><\/svg><\/em> IR PARA O FACEBOOK <\/a>\n<p><strong>Instagram<\/strong><\/p>\n<a href=\"https:\/\/www.instagram.com\/topcontainers_\/\" rel=\"noopener\" target=\"_blank\"> <img src=\"http:\/\/topcontainers.com.br\/wp-content\/uploads\/2024\/06\/Top-Containers-icone-Instagram.png\" width=\"100\" height=\"500\" title=\"Home\" alt=\"Home\"> <\/a>\n<a href=\"https:\/\/www.instagram.com\/topcontainers_\/\" target=\"_blank\" rel=\"noopener\"> <em><svg xmlns:xlink=\"http:\/\/www.w3.org\/1999\/xlink\" aria-hidden=\"true\"><use href=\"#tf-fab-facebook\" xlink:href=\"#tf-fab-facebook\"><\/use><\/svg><\/em> IR PARA O INSTAGRAM <\/a>\n<p><strong>Miss\u00e3o<\/strong><\/p>\n<img src=\"http:\/\/topcontainers.com.br\/wp-content\/uploads\/2024\/06\/Top-Containers-icone-missao1.png\" width=\"100\" height=\"500\" title=\"Home\" alt=\"Home\">\n<p style=\"text-align: center;\"><strong>Aprimorar constantemente buscando fornecer equipamentos modernos e de qualidade<\/strong><\/p>\n<p><strong>Vis\u00e3o<\/strong><\/p>\n<img src=\"http:\/\/topcontainers.com.br\/wp-content\/uploads\/2024\/06\/Top-Containers-icone-visao-1.png\" width=\"100\" height=\"500\" title=\"Home\" alt=\"Home\">\n<p style=\"text-align: center;\"><strong>Estar sempre presente na constru\u00e7\u00e3o de um mundo melhor e mais seguro para as futuras gera\u00e7\u00f5es<\/strong><\/p>\n<p><strong>Valores<\/strong><\/p>\n<img src=\"http:\/\/topcontainers.com.br\/wp-content\/uploads\/2024\/06\/Top-Containers-icone-valores.png\" width=\"100\" height=\"500\" title=\"Home\" alt=\"Home\">\n<p style=\"text-align: center;\"><strong>Qualidade com seguran\u00e7a, honestidade e respeito aos nossos clientes e colaboradores\u00a0<\/strong><\/p>\n<h2>Informa\u00e7\u00f5es<br\/>Contato e funcionamento<\/h2>\n<p><strong>Endere\u00e7o<\/strong><\/p>\n<p style=\"text-align: center;\"><strong>Av. Pedro de Toledo, 4-39<\/strong><\/p> <p style=\"text-align: center;\"><strong>Centro, Bauru\/SP<\/strong><\/p> <p style=\"text-align: center;\"><strong>CEP: 17015-160<\/strong><\/p>\n<p><strong>Telefones<\/strong><\/p>\n<p><strong>(14) <a href=\"tel:14997821590\" target=\"_blank\" rel=\"noopener\">99782-1590<\/a><\/strong><\/p> <p><strong>(14) <a href=\"tel:14996523144\" target=\"_blank\" rel=\"noopener\">99652-3144<\/a><\/strong><\/p> <p><strong>(14) <a href=\"tel:1432341717\" target=\"_blank\" rel=\"noopener\">3234-1717<\/a><\/strong><\/p>\n<p><strong>Whatsapp<\/strong><\/p>\n<p><strong><a href=\"https:\/\/api.whatsapp.com\/send?1=pt_BR&amp;phone=5514996523144\" target=\"_blank\" rel=\"noopener\">+55 14 99652-3144\u00a0<img src=\"http:\/\/topcontainers.com.br\/wp-content\/uploads\/2022\/09\/WhatsApp-300x300.png\" alt=\"\" width=\"22\" height=\"22\"><\/a><\/strong><\/p>\n<p><strong>E-mails<\/strong><\/p>\n<p style=\"text-align: center;\"><strong><a href=\"mailto:locacao@topcontainers.com.br\" target=\"_blank\" rel=\"noopener\">locacao@topcontainers.com.br<\/a><\/strong><\/p> <p style=\"text-align: center;\"><strong><a href=\"mailto:financeiro@topcontainers.com.br\" target=\"_blank\" rel=\"noopener\">financeiro@topcontainers.com.br<\/a><\/strong><\/p>\n<p><strong>Formas de pagamentos<\/strong><\/p>\n<p><b>Dinheiro, PIX e cart\u00f5es<\/b><\/p>\n<p><strong>Hor\u00e1rios<\/strong><\/p>\n<p><b>Segunda \u00e0 sexta das 7:30 \u00e0s 18:00<\/b><\/p> <h3 style=\"text-align: center;\">\u00a0<\/h3>\n<p><b>Estaremos fechados dos dia<\/b><\/p> <p><b> 26\/12\/2025 \u00e0 02\/01\/2026<\/b><\/p> <h3 style=\"text-align: center;\">\u00a0<\/h3>\n<p><strong>Localiza\u00e7\u00e3o<\/strong><\/p>\n<p><iframe style=\"border: 0;\" src=\"https:\/\/www.google.com\/maps\/embed?pb=!1m14!1m8!1m3!1d675.1855524318066!2d-49.0807132!3d-22.3274104!3m2!1i1024!2i768!4f13.1!3m3!1m2!1s0x94bf678f60d2671f%3A0xd62d2adca4d590fb!2sTop%20Containers!5e1!3m2!1spt-BR!2sbr!4v1718748154325!5m2!1spt-BR!2sbr\" width=\"600\" height=\"450\" allowfullscreen=\"allowfullscreen\"><\/iframe><\/p>\n<a href=\"https:\/\/goo.gl\/maps\/L4sjmQVmtH95SF3o8\" target=\"_blank\" rel=\"noopener\"> <em><svg xmlns:xlink=\"http:\/\/www.w3.org\/1999\/xlink\" aria-hidden=\"true\"><use href=\"#tf-fas-map-marker-alt\" xlink:href=\"#tf-fas-map-marker-alt\"><\/use><\/svg><\/em> AMPLIAR O MAPA <\/a>\n<img src=\"http:\/\/topcontainers.com.br\/wp-content\/uploads\/2022\/09\/topcontainers-logo-FUNDO-transparente-teto-.png\" width=\"300\" height=\"309\" title=\"Home\" alt=\"Home\">","_links":{"self":[{"href":"https:\/\/topcontainers.com.br\/index.php?rest_route=\/wp\/v2\/pages\/36","targetHints":{"allow":["GET"]}}],"collection":[{"href":"https:\/\/topcontainers.com.br\/index.php?rest_route=\/wp\/v2\/pages"}],"about":[{"href":"https:\/\/topcontainers.com.br\/index.php?rest_route=\/wp\/v2\/types\/page"}],"author":[{"embeddable":true,"href":"https:\/\/topcontainers.com.br\/index.php?rest_route=\/wp\/v2\/users\/1"}],"replies":[{"embeddable":true,"href":"https:\/\/topcontainers.com.br\/index.php?rest_route=%2Fwp%2Fv2%2Fcomments&post=36"}],"version-history":[{"count":266,"href":"https:\/\/topcontainers.com.br\/index.php?rest_route=\/wp\/v2\/pages\/36\/revisions"}],"predecessor-version":[{"id":487,"href":"https:\/\/topcontainers.com.br\/index.php?rest_route=\/wp\/v2\/pages\/36\/revisions\/487"}],"wp:attachment":[{"href":"https:\/\/topcontainers.com.br\/index.php?rest_route=%2Fwp%2Fv2%2Fmedia&parent=36"}],"curies":[{"name":"wp","href":"https:\/\/api.w.org\/{rel}","templated":true}]}}